{"id":2971,"date":"2014-10-25T14:49:02","date_gmt":"2014-10-25T13:49:02","guid":{"rendered":"http:\/\/www.keris-studio.fr\/blog\/?page_id=2971"},"modified":"2025-02-22T19:48:06","modified_gmt":"2025-02-22T18:48:06","slug":"creations","status":"publish","type":"page","link":"https:\/\/www.keris-studio.fr\/blog\/?page_id=2971","title":{"rendered":"Cr&eacute;ations"},"content":{"rendered":"<p>Ces pages rassemblent quelques s\u00e9ries n\u00e9es d&rsquo;une envie, d&rsquo;un projet ou d&rsquo;un accompagnement.<\/p>\n<p><strong>IA Images<\/strong><\/p>\n<p><a href=\"https:\/\/www.keris-studio.fr\/blog\/wp-content\/Lescop-Ysvision-AI-7.jpg\"><img loading=\"lazy\" decoding=\"async\" class=\"alignnone size-full wp-image-13184\" src=\"https:\/\/www.keris-studio.fr\/blog\/wp-content\/Lescop-Ysvision-AI-7.jpg\" alt=\"\" width=\"1024\" height=\"1024\" srcset=\"https:\/\/www.keris-studio.fr\/blog\/wp-content\/Lescop-Ysvision-AI-7.jpg 1024w, https:\/\/www.keris-studio.fr\/blog\/wp-content\/Lescop-Ysvision-AI-7-300x300.jpg 300w, https:\/\/www.keris-studio.fr\/blog\/wp-content\/Lescop-Ysvision-AI-7-150x150.jpg 150w, https:\/\/www.keris-studio.fr\/blog\/wp-content\/Lescop-Ysvision-AI-7-768x768.jpg 768w\" sizes=\"auto, (max-width: 1024px) 100vw, 1024px\" \/><\/a><\/p>\n<p>L&rsquo;intelligence artifielle permet de g\u00e9n\u00e9rer des images toujours plus \u00e9tonnantes et inspirantes pour la cr\u00e9ation de mondes alternatifs.<\/p>\n<p><strong>La Ville D&rsquo;Ys<\/strong><\/p>\n<p style=\"text-align: justify;\">Telle l&rsquo;Atlantide, la Ville d&rsquo;Ys a sombr\u00e9 un jour par la folie des hommes. Ville historique ou l\u00e9gendaire, nul ne le sait, mais le r\u00e9cit de la submersion est rest\u00e9 vivant depuis le V\u00e8me si\u00e8cle et est arriv\u00e9 jusqu&rsquo;\u00e0 nous sous forme de chants, de contes, de tableaux et de sculptures. Aujourd&rsquo;hui, la tradition se perp\u00e9tue \u00e0 travers la musique, la litt\u00e9rature, le th\u00e9\u00e2tre, la bande dessin\u00e9e et l&rsquo;image num\u00e9rique.<br \/>\nCes pages proposent le r\u00e9sultat de nombreuses ann\u00e9es de recherches autour de la l\u00e9gende de la Ville d&rsquo;Ys, et le reconstitution en images de synth\u00e8se de ce qu&rsquo;elle aurait pu \u00eatre.<\/p>\n<p><a href=\"https:\/\/www.keris-studio.fr\/blog\/wp-content\/YS_GeNeRAL.jpg\"><img loading=\"lazy\" decoding=\"async\" style=\"background-image: none; padding-top: 0px; padding-left: 0px; display: inline; padding-right: 0px; border-width: 0px;\" title=\"YS_GeNeRAL\" src=\"https:\/\/www.keris-studio.fr\/blog\/wp-content\/YS_GeNeRAL_thumb.jpg\" alt=\"YS_GeNeRAL\" width=\"1024\" height=\"691\" border=\"0\" \/><\/a><\/p>\n<ul class=\"lcp_catlist\" id=\"lcp_instance_0\"><li><a href=\"https:\/\/www.keris-studio.fr\/blog\/?p=13252\">Vision of Ys (step05) medieval city<\/a><\/li><li><a href=\"https:\/\/www.keris-studio.fr\/blog\/?p=13238\">Vision of Ys (step04) city of Ys<\/a><\/li><li><a href=\"https:\/\/www.keris-studio.fr\/blog\/?p=13176\">Vision of Ys (step03) &#8211; The city<\/a><\/li><li><a href=\"https:\/\/www.keris-studio.fr\/blog\/?p=13089\">Vision of Ys (step02) Flight of Dahud<\/a><\/li><li><a href=\"https:\/\/www.keris-studio.fr\/blog\/?p=13067\">Visions of Ys (step01)<\/a><\/li><li><a href=\"https:\/\/www.keris-studio.fr\/blog\/?p=10213\">La l\u00e9gende la Ville d\u2019Is, r\u00e9cits et repr\u00e9sentations de la disparition des mondes coupables.<\/a><\/li><li><a href=\"https:\/\/www.keris-studio.fr\/blog\/?p=3445\">Sciences et Avenir hors-s&eacute;rie 178 : la France des lieux maudits<\/a><\/li><li><a href=\"https:\/\/www.keris-studio.fr\/blog\/?p=6549\">A la recherche de la Ville d&rsquo;Ys<\/a><\/li><li><a href=\"https:\/\/www.keris-studio.fr\/blog\/?p=3146\">La ville d&rsquo;Ys-Images Mus&eacute;e D&eacute;partemental Breton<\/a><\/li><li><a href=\"https:\/\/www.keris-studio.fr\/blog\/?p=3305\">Projet Ys&ndash;les logos<\/a><\/li><li><a href=\"https:\/\/www.keris-studio.fr\/blog\/?p=3284\">La Ville d&rsquo;Ys 1994<\/a><\/li><li><a href=\"https:\/\/www.keris-studio.fr\/blog\/?p=3161\">Les r&eacute;cits de Gadlon et Dahud<\/a><\/li><li><a href=\"https:\/\/www.keris-studio.fr\/blog\/?p=3248\">Ys et Duke-Nukem 3D<\/a><\/li><li><a href=\"https:\/\/www.keris-studio.fr\/blog\/?p=3333\">La Ville d&rsquo;Ys &#8211; R&eacute;f&eacute;rences litt&eacute;raires<\/a><\/li><li><a href=\"https:\/\/www.keris-studio.fr\/blog\/?p=3309\">La ville d&rsquo;Ys&ndash;Les lieux dans la litt&eacute;rature<\/a><\/li><li><a href=\"https:\/\/www.keris-studio.fr\/blog\/?p=3411\">La Ville d&rsquo;Ys&ndash;Bibliographie\/Discographie<\/a><\/li><li><a href=\"https:\/\/www.keris-studio.fr\/blog\/?p=3172\">Gwerz Kear Is ar Roue Gralon<\/a><\/li><li><a href=\"https:\/\/www.keris-studio.fr\/blog\/?p=3224\">Portraits de l&eacute;gende<\/a><\/li><li><a href=\"https:\/\/www.keris-studio.fr\/blog\/?p=3168\">A propos de Graslon, Gu&eacute;nol&eacute;, de Ker Ys<\/a><\/li><li><a href=\"https:\/\/www.keris-studio.fr\/blog\/?p=3163\">Comment est n&eacute;e la L&eacute;gende de la Ville D&rsquo;Ys<\/a><\/li><\/ul>\n<p><strong>Atlantide &#8211; Atlantis<\/strong><\/p>\n<p><a href=\"https:\/\/www.keris-studio.fr\/blog\/wp-content\/Atlantide-161.jpg\"><img loading=\"lazy\" decoding=\"async\" style=\"background-image: none; padding-top: 0px; padding-left: 0px; display: inline; padding-right: 0px; border-width: 0px;\" title=\"Atlantide (16)\" src=\"https:\/\/www.keris-studio.fr\/blog\/wp-content\/Atlantide-16_thumb1.jpg\" alt=\"Atlantide (16)\" width=\"1024\" height=\"576\" border=\"0\" \/><\/a><a title=\"Atlantide\" href=\"https:\/\/www.keris-studio.fr\/blog\/?p=3004\">Voir tout<\/a> \/ <em><a title=\"Atlantys\" href=\"https:\/\/www.keris-studio.fr\/blog\/?p=3004\">See all<\/a><\/em><\/p>\n<p><strong>A\u00e9roflorale<\/strong><\/p>\n<p><a href=\"https:\/\/www.keris-studio.fr\/blog\/wp-content\/aeroflorale-9.jpg\"><img loading=\"lazy\" decoding=\"async\" style=\"background-image: none; padding-top: 0px; padding-left: 0px; display: inline; padding-right: 0px; border-width: 0px;\" title=\"aeroflorale (9)\" src=\"https:\/\/www.keris-studio.fr\/blog\/wp-content\/aeroflorale-9_thumb.jpg\" alt=\"aeroflorale (9)\" width=\"800\" height=\"533\" border=\"0\" \/><\/a><a title=\"Aeroflorale\" href=\"https:\/\/www.keris-studio.fr\/blog\/?p=3066\">Voir tout \/ <em>See all<\/em><\/a><\/p>\n<p><strong>Shamballa<\/strong><\/p>\n<p><a href=\"https:\/\/www.keris-studio.fr\/blog\/wp-content\/aventures-en-Himalaya-redux.jpg\"><img loading=\"lazy\" decoding=\"async\" style=\"background-image: none; padding-top: 0px; padding-left: 0px; display: inline; padding-right: 0px; border-width: 0px;\" title=\"aventures en Himalaya (redux)\" src=\"https:\/\/www.keris-studio.fr\/blog\/wp-content\/aventures-en-Himalaya-redux_thumb.jpg\" alt=\"aventures en Himalaya (redux)\" width=\"968\" height=\"572\" border=\"0\" \/><\/a><a title=\"Shamballa\" href=\"https:\/\/www.keris-studio.fr\/blog\/?p=3082\">Voir tout \/ <em>See all<\/em><\/a><\/p>\n<p><strong>Voronys<\/strong><\/p>\n<p><a href=\"https:\/\/www.keris-studio.fr\/blog\/wp-content\/167558_482732462850_7084160_n.jpg\"><img loading=\"lazy\" decoding=\"async\" style=\"background-image: none; padding-top: 0px; padding-left: 0px; display: inline; padding-right: 0px; border-width: 0px;\" title=\"167558_482732462850_7084160_n\" src=\"https:\/\/www.keris-studio.fr\/blog\/wp-content\/167558_482732462850_7084160_n_thumb.jpg\" alt=\"167558_482732462850_7084160_n\" width=\"720\" height=\"540\" border=\"0\" \/><\/a><a title=\"Voronys\" href=\"https:\/\/www.keris-studio.fr\/blog\/?p=3371\">Voir tout \/ <em>See all<\/em><\/a><\/p>\n<p><strong>GothYs<\/strong><\/p>\n<p><a title=\"Voronys\" href=\"https:\/\/www.keris-studio.fr\/blog\/?p=3433\"><img loading=\"lazy\" decoding=\"async\" style=\"background-image: none; padding-top: 0px; padding-left: 0px; display: inline; padding-right: 0px; border: 0px;\" title=\"accueilimg1\" src=\"https:\/\/www.keris-studio.fr\/blog\/wp-content\/accueilimg1.jpg\" alt=\"accueilimg1\" width=\"713\" height=\"376\" border=\"0\" \/>Voir tout \/ <em>See all<\/em><\/a><\/p>\n<p><strong>Sc\u00e8nes<\/strong><\/p>\n<p><a href=\"https:\/\/www.keris-studio.fr\/blog\/wp-content\/btiment-fantastique-2e.jpg\"><img loading=\"lazy\" decoding=\"async\" style=\"background-image: none; padding-top: 0px; padding-left: 0px; display: inline; padding-right: 0px; border-width: 0px;\" title=\"b\u00e2timent-fantastique-2e\" src=\"https:\/\/www.keris-studio.fr\/blog\/wp-content\/btiment-fantastique-2e_thumb.jpg\" alt=\"b\u00e2timent-fantastique-2e\" width=\"800\" height=\"450\" border=\"0\" \/><\/a><\/p>\n","protected":false},"excerpt":{"rendered":"<p>Ces pages rassemblent quelques s\u00e9ries n\u00e9es d&rsquo;une envie, d&rsquo;un projet ou d&rsquo;un accompagnement. IA Images L&rsquo;intelligence artifielle permet de g\u00e9n\u00e9rer des images toujours plus \u00e9tonnantes et inspirantes pour la cr\u00e9ation de mondes alternatifs. La Ville D&rsquo;Ys Telle l&rsquo;Atlantide, la Ville d&rsquo;Ys a sombr\u00e9 un jour par la folie des hommes. Ville historique ou l\u00e9gendaire, nul &hellip; <a href=\"https:\/\/www.keris-studio.fr\/blog\/?page_id=2971\" class=\"more-link\">Continuer la lecture de <span class=\"screen-reader-text\">Cr&eacute;ations<\/span>  <span class=\"meta-nav\">&rarr;<\/span><\/a><\/p>\n","protected":false},"author":2,"featured_media":3226,"parent":0,"menu_order":8,"comment_status":"open","ping_status":"closed","template":"","meta":{"footnotes":""},"class_list":["post-2971","page","type-page","status-publish","has-post-thumbnail","hentry"],"_links":{"self":[{"href":"https:\/\/www.keris-studio.fr\/blog\/index.php?rest_route=\/wp\/v2\/pages\/2971","targetHints":{"allow":["GET"]}}],"collection":[{"href":"https:\/\/www.keris-studio.fr\/blog\/index.php?rest_route=\/wp\/v2\/pages"}],"about":[{"href":"https:\/\/www.keris-studio.fr\/blog\/index.php?rest_route=\/wp\/v2\/types\/page"}],"author":[{"embeddable":true,"href":"https:\/\/www.keris-studio.fr\/blog\/index.php?rest_route=\/wp\/v2\/users\/2"}],"replies":[{"embeddable":true,"href":"https:\/\/www.keris-studio.fr\/blog\/index.php?rest_route=%2Fwp%2Fv2%2Fcomments&post=2971"}],"version-history":[{"count":17,"href":"https:\/\/www.keris-studio.fr\/blog\/index.php?rest_route=\/wp\/v2\/pages\/2971\/revisions"}],"predecessor-version":[{"id":14190,"href":"https:\/\/www.keris-studio.fr\/blog\/index.php?rest_route=\/wp\/v2\/pages\/2971\/revisions\/14190"}],"wp:featuredmedia":[{"embeddable":true,"href":"https:\/\/www.keris-studio.fr\/blog\/index.php?rest_route=\/wp\/v2\/media\/3226"}],"wp:attachment":[{"href":"https:\/\/www.keris-studio.fr\/blog\/index.php?rest_route=%2Fwp%2Fv2%2Fmedia&parent=2971"}],"curies":[{"name":"wp","href":"https:\/\/api.w.org\/{rel}","templated":true}]}}